{"id":42,"date":"2011-03-10T13:23:22","date_gmt":"2011-03-10T13:23:22","guid":{"rendered":"http:\/\/www.webactivate-galway19.com\/sheila\/Planet%20Korda\/?page_id=42"},"modified":"2011-04-20T15:16:05","modified_gmt":"2011-04-20T15:16:05","slug":"synopsis","status":"publish","type":"page","link":"http:\/\/planetkorda.com\/wordpress\/films\/book-smugglers\/synopsis\/","title":{"rendered":"Synopsis"},"content":{"rendered":"<p style=\"text-align: justify;\">\n<p style=\"text-align: justify;\"><a title=\"Book Smugglers Menu\" href=\"http:\/\/planetkorda.com\/wordpress\/?page_id=34\"><img loading=\"lazy\" decoding=\"async\" class=\"alignleft size-medium wp-image-91\" title=\"BS Flyer_recto_sm\" src=\"http:\/\/planetkorda.com\/wordpress\/wp-content\/uploads\/2011\/03\/BS-Flyer_recto_sm-216x300.jpg\" alt=\"\" width=\"216\" height=\"300\" srcset=\"http:\/\/planetkorda.com\/wordpress\/wp-content\/uploads\/2011\/03\/BS-Flyer_recto_sm-216x300.jpg 216w, http:\/\/planetkorda.com\/wordpress\/wp-content\/uploads\/2011\/03\/BS-Flyer_recto_sm.jpg 656w\" sizes=\"auto, (max-width: 216px) 100vw, 216px\" \/><\/a><span style=\"font-size: medium;\">When, in 1864, the Russians banned all  use of the Latin alphabet in \u201cNorthwest Province,\u201d it was not  immediately clear to the local Lithuanians that the goal was to Russify  the land, convert the faithful from Catholicism to Orthodoxy, in short,  to use the words of the Governor General, \u201cto create a Lithuania with  nothing Lithuanian in it.\u201d Little did the Russians realise, though, that  their oppressive actions would backfire completely and lead, after  forty years of resistance, to a massive cultural, linguistic, and  literary revival on the part of Lithuanians.<\/span><\/p>\n<p style=\"text-align: justify; padding-left: 240px;\"><span style=\"font-size: medium;\">Gear\u00f3id Mac Lochlainn, an  Irish-speaking poet from Belfast, and Albertas Vid\u017ei\u016bnas, a Vilnius  theatre director, physically undertake and retrace the journey of this  \u201carmy\u201d of book smugglers, from the publishing houses in former Prussia  (now Russia-Kaliningrad) set up by the rebel clergy, swimming across the  rivers forming the border, and trudging through the thick forests which  offer protection and cover. Along the way, they meet and discuss with  different people associated in various ways with the resistance  movement: a modern-day rebel priest who preaches from the same church  built and run by a leader of the 1863 rebellion that led to the Press  Ban; a grand-daughter of a real Book Smuggler who thinks that those who  abandon their tongue are \u201cbastards who should be put to death\u201d; a  conservationist who plants oak trees in remembrance of each smuggler;  schoolchildren who vigorously re-enact the smuggling activity and who  are \u201cexiled\u201d to Siberia if caught by their teachers; a modern  border-guard who lends his complicity to the exercise&#8230;<\/span><\/p>\n<p style=\"text-align: justify; padding-left: 240px;\"><span style=\"font-size: medium;\">At first, our present-day smugglers  establish the \u201chow\u201d: how did a rag-tag movement of non-violent  resistance fighters manage to defy the powerful Russian regime over 40  years and rekindle such a passion for the native language that it is  flourishing today? But fairly soon, the how gives way to the why, and  the film moves onto a different level. Why were these people so  obstinate, so determined and stubborn, that they would not assimilate  and adapt linguistically to their rulers? Why was language literally a  question of survival for them? Why was their very identity indissociable  from their native language? And why, in Ireland \u2013\u00a0 another small  Catholic peasant country at the edge of Europe, with its \u201cobscure\u201d  language and\u00a0 occupied by its larger neighbour \u2013 at exactly the same  time, were families electing en masse to abandon their Gaelic tongue and to teach their children English?<\/span><\/p>\n<p style=\"text-align: justify; padding-left: 240px;\"><span style=\"font-size: medium;\">Using a poetical (and therefore  subjective) rather than an academic approach, and drawing inspiration  from the natural surroundings that they inhabit and traverse, the poet  and his Lithuanian counterpart explore together these questions of  language, identity, sense of belonging, and inevitably examine both  sides of the sentiments and passions of romantic nationalism: the beauty  but also the excesses. Are these tales of adventure useful in today\u2019s  multi-ethnic, multi-cultural Europe, or do they belong only in  story-books? Through this unusual cross-examination, exploring one  nation\u2019s cultural history through the looking-glass of another\u2019s, we  open new perspectives into the elusive and delicate questions of  cultural identity.<\/span><\/p>\n","protected":false},"excerpt":{"rendered":"<p>When, in 1864, the Russians banned all use of the Latin alphabet in \u201cNorthwest Province,\u201d it was not immediately clear to the local Lithuanians that the goal was to Russify the land, convert the faithful from Catholicism to Orthodoxy, in &hellip; <a href=\"http:\/\/planetkorda.com\/wordpress\/films\/book-smugglers\/synopsis\/\">Continue reading <span class=\"meta-nav\">&rarr;<\/span><\/a><\/p>\n","protected":false},"author":1,"featured_media":0,"parent":34,"menu_order":1,"comment_status":"closed","ping_status":"open","template":"","meta":{"footnotes":""},"class_list":["post-42","page","type-page","status-publish","hentry"],"_links":{"self":[{"href":"http:\/\/planetkorda.com\/wordpress\/wp-json\/wp\/v2\/pages\/42","targetHints":{"allow":["GET"]}}],"collection":[{"href":"http:\/\/planetkorda.com\/wordpress\/wp-json\/wp\/v2\/pages"}],"about":[{"href":"http:\/\/planetkorda.com\/wordpress\/wp-json\/wp\/v2\/types\/page"}],"author":[{"embeddable":true,"href":"http:\/\/planetkorda.com\/wordpress\/wp-json\/wp\/v2\/users\/1"}],"replies":[{"embeddable":true,"href":"http:\/\/planetkorda.com\/wordpress\/wp-json\/wp\/v2\/comments?post=42"}],"version-history":[{"count":3,"href":"http:\/\/planetkorda.com\/wordpress\/wp-json\/wp\/v2\/pages\/42\/revisions"}],"predecessor-version":[{"id":1969,"href":"http:\/\/planetkorda.com\/wordpress\/wp-json\/wp\/v2\/pages\/42\/revisions\/1969"}],"up":[{"embeddable":true,"href":"http:\/\/planetkorda.com\/wordpress\/wp-json\/wp\/v2\/pages\/34"}],"wp:attachment":[{"href":"http:\/\/planetkorda.com\/wordpress\/wp-json\/wp\/v2\/media?parent=42"}],"curies":[{"name":"wp","href":"https:\/\/api.w.org\/{rel}","templated":true}]}}