{"id":40,"date":"2011-03-10T13:23:04","date_gmt":"2011-03-10T13:23:04","guid":{"rendered":"http:\/\/www.webactivate-galway19.com\/sheila\/Planet%20Korda\/?page_id=40"},"modified":"2011-10-20T11:36:51","modified_gmt":"2011-10-20T11:36:51","slug":"stills","status":"publish","type":"page","link":"http:\/\/planetkorda.com\/wordpress\/films\/book-smugglers\/stills\/","title":{"rendered":"Book Smugglers &#8211; Gallery"},"content":{"rendered":"\n\t\t<style type=\"text\/css\">\n\t\t\t#gallery-1 {\n\t\t\t\tmargin: auto;\n\t\t\t}\n\t\t\t#gallery-1 .gallery-item {\n\t\t\t\tfloat: left;\n\t\t\t\tmargin-top: 10px;\n\t\t\t\ttext-align: center;\n\t\t\t\twidth: 33%;\n\t\t\t}\n\t\t\t#gallery-1 img {\n\t\t\t\tborder: 2px solid #cfcfcf;\n\t\t\t}\n\t\t\t#gallery-1 .gallery-caption {\n\t\t\t\tmargin-left: 0;\n\t\t\t}\n\t\t\t\/* see gallery_shortcode() in wp-includes\/media.php *\/\n\t\t<\/style>\n\t\t<div id='gallery-1' class='gallery galleryid-40 gallery-columns-3 gallery-size-thumbnail'><dl class='gallery-item'>\n\t\t\t<dt class='gallery-icon landscape'>\n\t\t\t\t<a href='http:\/\/planetkorda.com\/wordpress\/films\/book-smugglers\/stills\/booksmugglers\/'><img loading=\"lazy\" decoding=\"async\" width=\"150\" height=\"150\" src=\"http:\/\/planetkorda.com\/wordpress\/wp-content\/uploads\/2011\/03\/booksmugglers-150x150.png\" class=\"attachment-thumbnail size-thumbnail\" alt=\"\" aria-describedby=\"gallery-1-895\" \/><\/a>\n\t\t\t<\/dt>\n\t\t\t\t<dd class='wp-caption-text gallery-caption' id='gallery-1-895'>\n\t\t\t\tBook Smugglers cast &#038; crew before the first day of shooting, at the Hill of Crosses, 11 May 2010\n\t\t\t\t<\/dd><\/dl><dl class='gallery-item'>\n\t\t\t<dt class='gallery-icon landscape'>\n\t\t\t\t<a href='http:\/\/planetkorda.com\/wordpress\/films\/book-smugglers\/stills\/rm-gauna-is-prezidentes-atmintine-dovanele-2011-05-09\/'><img loading=\"lazy\" decoding=\"async\" width=\"150\" height=\"150\" src=\"http:\/\/planetkorda.com\/wordpress\/wp-content\/uploads\/2011\/06\/RM-gauna-is-Prezidentes-atmintine-dovanele-2011-05-09-150x150.jpg\" class=\"attachment-thumbnail size-thumbnail\" alt=\"\" aria-describedby=\"gallery-1-1280\" \/><\/a>\n\t\t\t<\/dt>\n\t\t\t\t<dd class='wp-caption-text gallery-caption' id='gallery-1-1280'>\n\t\t\t\tProducer Rasa Mi\u0161kinyt\u0117 greeted by Lithuanian President Dalia Grybauskait\u0117, Presidential Palace, Vilnius, 9 May 2011.\n\t\t\t\t<\/dd><\/dl><dl class='gallery-item'>\n\t\t\t<dt class='gallery-icon landscape'>\n\t\t\t\t<a href='http:\/\/planetkorda.com\/wordpress\/films\/book-smugglers\/stills\/scanorama_02\/'><img loading=\"lazy\" decoding=\"async\" width=\"150\" height=\"150\" src=\"http:\/\/planetkorda.com\/wordpress\/wp-content\/uploads\/2011\/06\/Scanorama_02-150x150.jpg\" class=\"attachment-thumbnail size-thumbnail\" alt=\"\" aria-describedby=\"gallery-1-1281\" \/><\/a>\n\t\t\t<\/dt>\n\t\t\t\t<dd class='wp-caption-text gallery-caption' id='gallery-1-1281'>\n\t\t\t\tPerformers Albertas Vid\u017ei\u016bnas and Gear\u00f3id Mac Lochlainn, director Jeremiah Cullinane, producer Rasa Mi\u0161kinyt\u0117, and festival director Gra\u017eina Arlickait\u0117 at the Premiere of Book Smugglers, Scanorama European Film Forum, Vilnius, 19 November 2010\n\t\t\t\t<\/dd><\/dl><br style=\"clear: both\" \/><dl class='gallery-item'>\n\t\t\t<dt class='gallery-icon landscape'>\n\t\t\t\t<a href='http:\/\/planetkorda.com\/wordpress\/films\/book-smugglers\/stills\/scanorama_04\/'><img loading=\"lazy\" decoding=\"async\" width=\"150\" height=\"150\" src=\"http:\/\/planetkorda.com\/wordpress\/wp-content\/uploads\/2011\/06\/Scanorama_04-150x150.jpg\" class=\"attachment-thumbnail size-thumbnail\" alt=\"\" aria-describedby=\"gallery-1-1282\" \/><\/a>\n\t\t\t<\/dt>\n\t\t\t\t<dd class='wp-caption-text gallery-caption' id='gallery-1-1282'>\n\t\t\t\tDirector of Photography Audrius Keme\u017eys, assistant director\/reserarcher Ramun\u0117 Rakauskaite, and producer Bartolomeo Dibenedetto at the Book Smugglers Premiere at Scanorama.\n\t\t\t\t<\/dd><\/dl><dl class='gallery-item'>\n\t\t\t<dt class='gallery-icon landscape'>\n\t\t\t\t<a href='http:\/\/planetkorda.com\/wordpress\/films\/book-smugglers\/stills\/bitenai_1425\/'><img loading=\"lazy\" decoding=\"async\" width=\"150\" height=\"150\" src=\"http:\/\/planetkorda.com\/wordpress\/wp-content\/uploads\/2011\/06\/Bitenai_1425-150x150.jpg\" class=\"attachment-thumbnail size-thumbnail\" alt=\"\" aria-describedby=\"gallery-1-1283\" \/><\/a>\n\t\t\t<\/dt>\n\t\t\t\t<dd class='wp-caption-text gallery-caption' id='gallery-1-1283'>\n\t\t\t\tScreening of Book Smugglers for the residents of Bitenai and surrounding communities, in the &#8220;Book Smugglers&#8221; barn at the Marytnas Jankus Museum, 6 May 2011.\n\t\t\t\t<\/dd><\/dl><dl class='gallery-item'>\n\t\t\t<dt class='gallery-icon landscape'>\n\t\t\t\t<a href='http:\/\/planetkorda.com\/wordpress\/films\/book-smugglers\/stills\/checkpoint\/'><img loading=\"lazy\" decoding=\"async\" width=\"200\" height=\"150\" src=\"http:\/\/planetkorda.com\/wordpress\/wp-content\/uploads\/2011\/10\/checkpoint-200x150.jpg\" class=\"attachment-thumbnail size-thumbnail\" alt=\"\" aria-describedby=\"gallery-1-1347\" srcset=\"http:\/\/planetkorda.com\/wordpress\/wp-content\/uploads\/2011\/10\/checkpoint-200x150.jpg 200w, http:\/\/planetkorda.com\/wordpress\/wp-content\/uploads\/2011\/10\/checkpoint-300x225.jpg 300w, http:\/\/planetkorda.com\/wordpress\/wp-content\/uploads\/2011\/10\/checkpoint.jpg 420w\" sizes=\"auto, (max-width: 200px) 100vw, 200px\" \/><\/a>\n\t\t\t<\/dt>\n\t\t\t\t<dd class='wp-caption-text gallery-caption' id='gallery-1-1347'>\n\t\t\t\t Checkpoint\n\t\t\t\t<\/dd><\/dl><br style=\"clear: both\" \/><dl class='gallery-item'>\n\t\t\t<dt class='gallery-icon landscape'>\n\t\t\t\t<a href='http:\/\/planetkorda.com\/wordpress\/films\/book-smugglers\/stills\/bs_15\/'><img loading=\"lazy\" decoding=\"async\" width=\"200\" height=\"133\" src=\"http:\/\/planetkorda.com\/wordpress\/wp-content\/uploads\/2011\/10\/BS_15-200x133.jpg\" class=\"attachment-thumbnail size-thumbnail\" alt=\"\" aria-describedby=\"gallery-1-1348\" srcset=\"http:\/\/planetkorda.com\/wordpress\/wp-content\/uploads\/2011\/10\/BS_15-200x133.jpg 200w, http:\/\/planetkorda.com\/wordpress\/wp-content\/uploads\/2011\/10\/BS_15-300x200.jpg 300w, http:\/\/planetkorda.com\/wordpress\/wp-content\/uploads\/2011\/10\/BS_15-1024x682.jpg 1024w, http:\/\/planetkorda.com\/wordpress\/wp-content\/uploads\/2011\/10\/BS_15-940x626.jpg 940w\" sizes=\"auto, (max-width: 200px) 100vw, 200px\" \/><\/a>\n\t\t\t<\/dt>\n\t\t\t\t<dd class='wp-caption-text gallery-caption' id='gallery-1-1348'>\n\t\t\t\t\u201cRussian soldier\u201d Gear\u00f3id Mac Lochlainn posing for cameramen Eitvydas Do\u0161kus (background), Audrius Keme\u017eys (foreground), sound recordist Kostas Radlinskas, and director Jeremiah Cullinane, at the barn at the Martynas Jankus Museum on \u201cBook Smuggler Day,\u201d Bitenai, 14 May 2010\n\t\t\t\t<\/dd><\/dl><dl class='gallery-item'>\n\t\t\t<dt class='gallery-icon landscape'>\n\t\t\t\t<a href='http:\/\/planetkorda.com\/wordpress\/films\/book-smugglers\/stills\/bs_14\/'><img loading=\"lazy\" decoding=\"async\" width=\"200\" height=\"133\" src=\"http:\/\/planetkorda.com\/wordpress\/wp-content\/uploads\/2011\/10\/BS_14-200x133.jpg\" class=\"attachment-thumbnail size-thumbnail\" alt=\"\" aria-describedby=\"gallery-1-1349\" srcset=\"http:\/\/planetkorda.com\/wordpress\/wp-content\/uploads\/2011\/10\/BS_14-200x133.jpg 200w, http:\/\/planetkorda.com\/wordpress\/wp-content\/uploads\/2011\/10\/BS_14-300x200.jpg 300w, http:\/\/planetkorda.com\/wordpress\/wp-content\/uploads\/2011\/10\/BS_14-1024x682.jpg 1024w, http:\/\/planetkorda.com\/wordpress\/wp-content\/uploads\/2011\/10\/BS_14-940x626.jpg 940w\" sizes=\"auto, (max-width: 200px) 100vw, 200px\" \/><\/a>\n\t\t\t<\/dt>\n\t\t\t\t<dd class='wp-caption-text gallery-caption' id='gallery-1-1349'>\n\t\t\t\tAlbertas Vid\u017ei\u016bnas, Father Skaidrius Kandratavi\u010dius, and Gear\u00f3id Mac Lochlainn, \u201carmed\u201d with genuine weapons from the 1863 Rebellion, outside the wooden church in Paber\u017ee, once home to the rebel priest Father Antanas Mackevi\u010dius\n\t\t\t\t<\/dd><\/dl><dl class='gallery-item'>\n\t\t\t<dt class='gallery-icon landscape'>\n\t\t\t\t<a href='http:\/\/planetkorda.com\/wordpress\/films\/book-smugglers\/stills\/bs_10\/'><img loading=\"lazy\" decoding=\"async\" width=\"200\" height=\"112\" src=\"http:\/\/planetkorda.com\/wordpress\/wp-content\/uploads\/2011\/10\/BS_10-200x112.jpg\" class=\"attachment-thumbnail size-thumbnail\" alt=\"\" aria-describedby=\"gallery-1-1350\" srcset=\"http:\/\/planetkorda.com\/wordpress\/wp-content\/uploads\/2011\/10\/BS_10-200x112.jpg 200w, http:\/\/planetkorda.com\/wordpress\/wp-content\/uploads\/2011\/10\/BS_10-300x168.jpg 300w, http:\/\/planetkorda.com\/wordpress\/wp-content\/uploads\/2011\/10\/BS_10-1024x576.jpg 1024w, http:\/\/planetkorda.com\/wordpress\/wp-content\/uploads\/2011\/10\/BS_10-940x528.jpg 940w, http:\/\/planetkorda.com\/wordpress\/wp-content\/uploads\/2011\/10\/BS_10.jpg 1920w\" sizes=\"auto, (max-width: 200px) 100vw, 200px\" \/><\/a>\n\t\t\t<\/dt>\n\t\t\t\t<dd class='wp-caption-text gallery-caption' id='gallery-1-1350'>\n\t\t\t\tAlbertas Vid\u017ei\u016bnas and Gear\u00f3id Mac Lochlainn try to make their way through the swampy oak forest in the D\u016bk\u0161tos landscape at Neries Parkas\n\t\t\t\t<\/dd><\/dl><br style=\"clear: both\" \/><dl class='gallery-item'>\n\t\t\t<dt class='gallery-icon landscape'>\n\t\t\t\t<a href='http:\/\/planetkorda.com\/wordpress\/films\/book-smugglers\/stills\/bs_07\/'><img loading=\"lazy\" decoding=\"async\" width=\"200\" height=\"112\" src=\"http:\/\/planetkorda.com\/wordpress\/wp-content\/uploads\/2011\/10\/BS_07-200x112.jpg\" class=\"attachment-thumbnail size-thumbnail\" alt=\"\" aria-describedby=\"gallery-1-1351\" srcset=\"http:\/\/planetkorda.com\/wordpress\/wp-content\/uploads\/2011\/10\/BS_07-200x112.jpg 200w, http:\/\/planetkorda.com\/wordpress\/wp-content\/uploads\/2011\/10\/BS_07-300x168.jpg 300w, http:\/\/planetkorda.com\/wordpress\/wp-content\/uploads\/2011\/10\/BS_07-1024x576.jpg 1024w, http:\/\/planetkorda.com\/wordpress\/wp-content\/uploads\/2011\/10\/BS_07-940x528.jpg 940w, http:\/\/planetkorda.com\/wordpress\/wp-content\/uploads\/2011\/10\/BS_07.jpg 1920w\" sizes=\"auto, (max-width: 200px) 100vw, 200px\" \/><\/a>\n\t\t\t<\/dt>\n\t\t\t\t<dd class='wp-caption-text gallery-caption' id='gallery-1-1351'>\n\t\t\t\tAlbertas Vid\u017ei\u016bnas, Father Skaidrius Kandratavi\u010dius, and Gear\u00f3id Mac Lochlainn, \u201carmed\u201d with genuine weapons from the 1863 Rebellion, outside the wooden church in Paber\u017ee, once home to the rebel priest Father Antanas Mackevi\u010dius\n\t\t\t\t<\/dd><\/dl><dl class='gallery-item'>\n\t\t\t<dt class='gallery-icon landscape'>\n\t\t\t\t<a href='http:\/\/planetkorda.com\/wordpress\/films\/book-smugglers\/stills\/bs_03\/'><img loading=\"lazy\" decoding=\"async\" width=\"200\" height=\"112\" src=\"http:\/\/planetkorda.com\/wordpress\/wp-content\/uploads\/2011\/10\/BS_03-200x112.jpg\" class=\"attachment-thumbnail size-thumbnail\" alt=\"\" aria-describedby=\"gallery-1-1352\" srcset=\"http:\/\/planetkorda.com\/wordpress\/wp-content\/uploads\/2011\/10\/BS_03-200x112.jpg 200w, http:\/\/planetkorda.com\/wordpress\/wp-content\/uploads\/2011\/10\/BS_03-300x168.jpg 300w, http:\/\/planetkorda.com\/wordpress\/wp-content\/uploads\/2011\/10\/BS_03-1024x576.jpg 1024w, http:\/\/planetkorda.com\/wordpress\/wp-content\/uploads\/2011\/10\/BS_03-940x528.jpg 940w, http:\/\/planetkorda.com\/wordpress\/wp-content\/uploads\/2011\/10\/BS_03.jpg 1920w\" sizes=\"auto, (max-width: 200px) 100vw, 200px\" \/><\/a>\n\t\t\t<\/dt>\n\t\t\t\t<dd class='wp-caption-text gallery-caption' id='gallery-1-1352'>\n\t\t\t\tAlbertas Vid\u017ei\u016bnas and Gear\u00f3id Mac Lochlainn on their way to Kudirkos Naumiestis\n\t\t\t\t<\/dd><\/dl>\n\t\t\t<br style='clear: both' \/>\n\t\t<\/div>\n\n","protected":false},"excerpt":{"rendered":"","protected":false},"author":1,"featured_media":0,"parent":34,"menu_order":5,"comment_status":"closed","ping_status":"open","template":"","meta":{"footnotes":""},"class_list":["post-40","page","type-page","status-publish","hentry"],"_links":{"self":[{"href":"http:\/\/planetkorda.com\/wordpress\/wp-json\/wp\/v2\/pages\/40","targetHints":{"allow":["GET"]}}],"collection":[{"href":"http:\/\/planetkorda.com\/wordpress\/wp-json\/wp\/v2\/pages"}],"about":[{"href":"http:\/\/planetkorda.com\/wordpress\/wp-json\/wp\/v2\/types\/page"}],"author":[{"embeddable":true,"href":"http:\/\/planetkorda.com\/wordpress\/wp-json\/wp\/v2\/users\/1"}],"replies":[{"embeddable":true,"href":"http:\/\/planetkorda.com\/wordpress\/wp-json\/wp\/v2\/comments?post=40"}],"version-history":[{"count":21,"href":"http:\/\/planetkorda.com\/wordpress\/wp-json\/wp\/v2\/pages\/40\/revisions"}],"predecessor-version":[{"id":1354,"href":"http:\/\/planetkorda.com\/wordpress\/wp-json\/wp\/v2\/pages\/40\/revisions\/1354"}],"up":[{"embeddable":true,"href":"http:\/\/planetkorda.com\/wordpress\/wp-json\/wp\/v2\/pages\/34"}],"wp:attachment":[{"href":"http:\/\/planetkorda.com\/wordpress\/wp-json\/wp\/v2\/media?parent=40"}],"curies":[{"name":"wp","href":"https:\/\/api.w.org\/{rel}","templated":true}]}}