{"id":223,"date":"2011-03-15T11:44:27","date_gmt":"2011-03-15T11:44:27","guid":{"rendered":"http:\/\/www.webactivate-galway19.com\/sheila\/Planet%20Korda\/?page_id=223"},"modified":"2011-04-20T15:18:33","modified_gmt":"2011-04-20T15:18:33","slug":"credits-specs","status":"publish","type":"page","link":"http:\/\/planetkorda.com\/wordpress\/films\/book-smugglers\/credits-specs\/","title":{"rendered":"Credits &#038; Specs"},"content":{"rendered":"<address style=\"text-align: justify;\"><strong><a title=\"Book Smugglers Menu\" href=\"http:\/\/planetkorda.com\/wordpress\/?page_id=34\" target=\"_self\"><img loading=\"lazy\" decoding=\"async\" class=\"alignleft size-medium wp-image-91\" title=\"BS Flyer_recto_sm\" src=\"http:\/\/planetkorda.com\/wordpress\/wp-content\/uploads\/2011\/03\/BS-Flyer_recto_sm-216x300.jpg\" alt=\"\" width=\"216\" height=\"300\" srcset=\"http:\/\/planetkorda.com\/wordpress\/wp-content\/uploads\/2011\/03\/BS-Flyer_recto_sm-216x300.jpg 216w, http:\/\/planetkorda.com\/wordpress\/wp-content\/uploads\/2011\/03\/BS-Flyer_recto_sm.jpg 656w\" sizes=\"auto, (max-width: 216px) 100vw, 216px\" \/><\/a><\/strong><span style=\"font-size: medium;\"><strong>Title<\/strong>: <em>Book Smugglers<\/em> (<em>Smuigl\u00e9ir\u00ed Leabhar<\/em> \/ <em>Knygne\u0161iai<\/em>)<\/span><\/address>\n<address style=\"text-align: justify;\"><span style=\"font-size: medium;\"><br \/>\n<\/span><\/address>\n<address style=\"text-align: justify;\"> <\/address>\n<address><span style=\"font-size: medium;\"><strong>Countries of Production<\/strong>: Lithuania\/Ireland\/UK<\/span><\/address>\n<address><span style=\"font-size: medium;\"> <\/span><\/address>\n<address><span style=\"font-size: medium;\"> <strong> Year of production<\/strong>: 2010<strong> <\/strong><\/span> <\/address>\n<address style=\"text-align: justify;\"><span style=\"font-size: medium;\"><strong>Production Companies<\/strong>: Planet Korda Pictures (Dublin), Era Film (Vilnius),Vinegar Hill Productions N.I. (Derry)<strong> <\/strong><\/span><\/address>\n<address style=\"text-align: justify;\"> <\/address>\n<address><span style=\"font-size: medium;\"><strong>Running time<\/strong>: 73\u2019 (52\u2019 version also available)<\/span><\/address>\n<address><span style=\"font-size: medium;\"> <\/span><\/address>\n<address><span style=\"font-size: medium;\"> <strong> Language<\/strong>: Irish, English, Lithuanian, Russian<\/span><\/address>\n<address style=\"text-align: justify; padding-left: 240px;\"><span style=\"font-size: medium;\"><strong>Subtitles<\/strong>: English or Lithuanian<\/span><\/address>\n<address style=\"text-align: justify; padding-left: 240px;\"><span style=\"font-size: medium;\"><strong>Shooting format<\/strong>: HD<\/span><\/address>\n<address style=\"text-align: justify; padding-left: 240px;\"><span style=\"font-size: medium;\"><strong>Screening formats available<\/strong>: Digibeta, Blu Ray<\/span><\/address>\n<address style=\"text-align: justify; padding-left: 240px;\"><span style=\"font-size: medium;\"><strong>Sound<\/strong>: Dolby ProLogic II encoded 5.1 LtRt<\/span><\/address>\n<address style=\"text-align: justify; padding-left: 240px;\"><span style=\"font-size: medium;\"><strong> <\/strong><\/span><\/address>\n<address style=\"text-align: justify; padding-left: 240px;\"><span style=\"font-size: medium;\"><strong>Print source<\/strong>: Planet Korda Pictures or Era Film<\/span><\/address>\n<address style=\"text-align: justify; padding-left: 240px;\"><span style=\"font-size: medium;\"><br \/>\n<\/span><\/address>\n<address style=\"text-align: justify; padding-left: 240px;\"><span style=\"font-size: medium;\"><strong> <\/strong><\/span><\/address>\n<address style=\"text-align: justify; padding-left: 240px;\"><span style=\"font-size: medium;\"><strong>Producers<\/strong><\/span><\/address>\n<address style=\"text-align: justify; padding-left: 240px;\"><span style=\"font-size: medium;\">Rasa Mi\u0161kinyt\u0117 (Era Film)<\/span><\/address>\n<address style=\"text-align: justify; padding-left: 240px;\"><span style=\"font-size: medium;\">Bartolomeo Dibenedetto, Jeremiah Cullinane (Planet Korda Pictures)<\/span><\/address>\n<address style=\"text-align: justify; padding-left: 240px;\"><span style=\"font-size: medium;\">David Rane (Vinegar Hill)<\/span><\/address>\n<address style=\"text-align: justify; padding-left: 240px;\"><span style=\"font-size: medium;\"><br \/>\n<\/span><\/address>\n<address style=\"text-align: justify; padding-left: 240px;\"><span style=\"font-size: medium;\"><strong><span style=\"text-decoration: underline;\"> <\/span><\/strong><\/span><\/address>\n<address style=\"text-align: justify; padding-left: 240px;\"><span style=\"font-size: medium;\"><strong>Production Crew<\/strong><\/span><\/address>\n<address style=\"text-align: justify; padding-left: 240px;\"><span style=\"font-size: medium;\"><strong>Writer-Director: <\/strong>Jeremiah Cullinane<\/span><\/address>\n<address style=\"text-align: justify; padding-left: 240px;\"><span style=\"font-size: medium;\"><strong>Director of Photography: <\/strong>Audrius Keme\u017eys<\/span><\/address>\n<address style=\"text-align: justify; padding-left: 240px;\"><span style=\"font-size: medium;\"><strong>Additional photography,camera assistant: <\/strong>Eitvydas Do\u0161kus<\/span><\/address>\n<address style=\"text-align: justify; padding-left: 240px;\"><span style=\"font-size: medium;\"><strong>Sound Recordist: <\/strong>Kostas Radlinskas<\/span><\/address>\n<address style=\"text-align: justify; padding-left: 240px;\"><span style=\"font-size: medium;\"><strong>Co-ordinator\/Locations\/Asst. Director: <\/strong>Ramun\u0117 Rakauskait\u0117<\/span><\/address>\n<address style=\"text-align: justify; padding-left: 240px;\"><span style=\"font-size: medium;\"><strong>Editor: <\/strong>Kostas Radlinskas<\/span><\/address>\n<address style=\"text-align: justify; padding-left: 240px;\"><span style=\"font-size: medium;\"><strong>Sound mixer:<\/strong> Reto Stamm<\/span><\/address>\n<address style=\"text-align: justify; padding-left: 240px;\"><span style=\"font-size: medium;\"><strong>Composer:<\/strong> Siobh\u00e1n Cleary<\/span><\/address>\n<address style=\"text-align: justify; padding-left: 240px;\"><span style=\"font-size: medium;\"><strong>Production Assistant: <\/strong>Irma Pu\u017eauskait\u0117<\/span><\/address>\n<address style=\"text-align: justify; padding-left: 240px;\"><span style=\"font-size: medium;\"><strong>Production Accounts: <\/strong>Deimant\u0117 Vil\u010dinskait\u0117<\/span><\/address>\n<address style=\"text-align: justify; padding-left: 240px;\"><span style=\"font-size: medium;\"><br \/>\n<\/span><\/address>\n<address style=\"text-align: justify; padding-left: 240px;\"><span style=\"font-size: medium;\"><strong>Performers<\/strong><\/span><\/address>\n<address style=\"text-align: justify; padding-left: 240px;\"><span style=\"font-size: medium;\"><strong>Irish poet\/narrator:<\/strong> Gear\u00f3id Mac Lochlainn<\/span><\/address>\n<address style=\"text-align: justify; padding-left: 240px;\"><span style=\"font-size: medium;\"><strong>Lithuanian guide:<\/strong> Albertas Vid\u017ei\u016bnas<\/span><\/address>\n<p style=\"text-align: justify; padding-left: 240px;\"><strong> <\/strong><\/p>\n","protected":false},"excerpt":{"rendered":"<p>Title: Book Smugglers (Smuigl\u00e9ir\u00ed Leabhar \/ Knygne\u0161iai) Countries of Production: Lithuania\/Ireland\/UK Year of production: 2010 Production Companies: Planet Korda Pictures (Dublin), Era Film (Vilnius),Vinegar Hill Productions N.I. (Derry) Running time: 73\u2019 (52\u2019 version also available) Language: Irish, English, Lithuanian, Russian &hellip; <a href=\"http:\/\/planetkorda.com\/wordpress\/films\/book-smugglers\/credits-specs\/\">Continue reading <span class=\"meta-nav\">&rarr;<\/span><\/a><\/p>\n","protected":false},"author":1,"featured_media":0,"parent":34,"menu_order":4,"comment_status":"closed","ping_status":"open","template":"","meta":{"footnotes":""},"class_list":["post-223","page","type-page","status-publish","hentry"],"_links":{"self":[{"href":"http:\/\/planetkorda.com\/wordpress\/wp-json\/wp\/v2\/pages\/223","targetHints":{"allow":["GET"]}}],"collection":[{"href":"http:\/\/planetkorda.com\/wordpress\/wp-json\/wp\/v2\/pages"}],"about":[{"href":"http:\/\/planetkorda.com\/wordpress\/wp-json\/wp\/v2\/types\/page"}],"author":[{"embeddable":true,"href":"http:\/\/planetkorda.com\/wordpress\/wp-json\/wp\/v2\/users\/1"}],"replies":[{"embeddable":true,"href":"http:\/\/planetkorda.com\/wordpress\/wp-json\/wp\/v2\/comments?post=223"}],"version-history":[{"count":15,"href":"http:\/\/planetkorda.com\/wordpress\/wp-json\/wp\/v2\/pages\/223\/revisions"}],"predecessor-version":[{"id":734,"href":"http:\/\/planetkorda.com\/wordpress\/wp-json\/wp\/v2\/pages\/223\/revisions\/734"}],"up":[{"embeddable":true,"href":"http:\/\/planetkorda.com\/wordpress\/wp-json\/wp\/v2\/pages\/34"}],"wp:attachment":[{"href":"http:\/\/planetkorda.com\/wordpress\/wp-json\/wp\/v2\/media?parent=223"}],"curies":[{"name":"wp","href":"https:\/\/api.w.org\/{rel}","templated":true}]}}