{"id":1503,"date":"2013-05-15T10:13:40","date_gmt":"2013-05-15T10:13:40","guid":{"rendered":"http:\/\/planetkorda.com\/wordpress\/?page_id=1503"},"modified":"2014-03-27T03:29:11","modified_gmt":"2014-03-27T03:29:11","slug":"credits-specs","status":"publish","type":"page","link":"http:\/\/planetkorda.com\/wordpress\/films\/underthehood\/credits-specs\/","title":{"rendered":"Under the Hood: Credits &#038; Specs"},"content":{"rendered":"<address><span style=\"font-size: small;\"><strong>Countries of Production<\/strong>: Ireland\/Lithuania<\/span><\/address>\n<address><span style=\"font-size: small;\"><strong>Year of production<\/strong>: 2013<\/span><\/address>\n<address><span style=\"font-size: small;\"><strong>Production Companies<\/strong>: Planet Korda Pictures (Dublin), Era Film (Vilnius),<\/span><\/address>\n<address><span style=\"font-size: small;\"><strong>Running time<\/strong>: 75\u201915&#8243;<\/span><\/address>\n<address><span style=\"font-size: small;\"><strong> Language<\/strong>:\u00a0 Russian, Belarusian, English,<\/span><\/address>\n<address><span style=\"font-size: small;\"><strong>Subtitles<\/strong>: English or Lithuanian<\/span><\/address>\n<address><span style=\"font-size: small;\"><strong>Shooting format<\/strong>: HD<\/span><\/address>\n<address><span style=\"font-size: small;\"><strong>Screening formats available<\/strong>: DCP, HD-CAM, Blu Ray, Digibeta<\/span><\/address>\n<address><span style=\"font-size: small;\"><strong>Sound<\/strong>: Dolby ProLogic II encoded 5.1 LtRt<\/span><\/address>\n<address><span style=\"font-size: small;\"><strong>Print source<\/strong>: Planet Korda Pictures or Era Film<\/span><\/address>\n<address><span style=\"font-size: small;\">Sales: Kim Christiansen, DR International Sales, Copenhagen: <a href=\"mailto:kimc@dr.dk\">kimc@dr.dk<\/a><\/span><\/address>\n<address>\u00a0<\/address>\n<p><span style=\"font-size: small;\"><em><strong>Directed by:<\/strong> Mark Byrne, Rob Dennis<\/em><\/span><br \/>\n<span style=\"font-size: small;\"> <em> <strong>Produced by:<\/strong> Jeremiah Cullinane, Rasa Mi\u0161kinyt\u0117, Bartolomeo Dibenedetto<\/em><\/span><br \/>\n<span style=\"font-size: small;\"> <em> <strong>Director of Photography:<\/strong> Mark Byrne<\/em><\/span><br \/>\n<span style=\"font-size: small;\"> <em> <strong>Editor:<\/strong> Rob Dennis<\/em><\/span><br \/>\n<span style=\"font-size: small;\"> <em> <strong>Music composed and performed by:<\/strong> Martynas Bialob\u017eeskis<\/em><\/span><br \/>\n<span style=\"font-size: small;\"> <em> Cello &#8211; Povilas Jacunskas<\/em><\/span><br \/>\n<span style=\"font-size: small;\"> <em> Guitar &#8211; Andr\u017eej Zujevi\u010d<\/em><\/span><br \/>\n<span style=\"font-size: small;\"> <em> Cello recorded at : &#8220;MAMA Studio&#8221;, Vilnius<\/em><\/span><br \/>\n<span style=\"font-size: small;\"> <em> <strong>Sound recording:<\/strong> Gregorij Goldberg, Pavel Gvozd<\/em><\/span><br \/>\n<span style=\"font-size: small;\"> <em> <strong>Studio:<\/strong> soundmixer.by<\/em><\/span><br \/>\n<span style=\"font-size: small;\"> <em> <strong>Sound Cutting and Colourist:<\/strong> Kostas Radlinskas<\/em><\/span><br \/>\n<span style=\"font-size: small;\"> <em> <strong>Re-recording Mixer:<\/strong> Steve Fanagan<\/em><\/span><br \/>\n<span style=\"font-size: small;\"> <em> <strong>Re-recorded at:<\/strong> Ardmore Studio, Ireland<\/em><\/span><br \/>\n<span style=\"font-size: small;\"> <em> <strong>Post-Production Supervisor:<\/strong> Liam O&#8217;Neill<\/em><\/span><br \/>\n<span style=\"font-size: small;\"> <em> <strong>Sound engineer:<\/strong> Ar\u016bnas Zujus<\/em><\/span><br \/>\n<span style=\"font-size: small;\"> <em> <strong>Art work by:<\/strong> Ram\u016bnas Gilys<\/em><\/span><br \/>\n<span style=\"font-size: small;\"> <em> <strong>Assistant Director:<\/strong> Vadim Khodakov<\/em><\/span><br \/>\n<span style=\"font-size: small;\"> <em> <strong>Production Coordinator:<\/strong> Aline Jablonskaja<\/em><\/span><br \/>\n<span style=\"font-size: small;\"> <em> <strong>Production Secretary:<\/strong> R\u016bta Bogu\u017eait\u0117<\/em><\/span><br \/>\n<span style=\"font-size: small;\"> <em> <strong>Visas:<\/strong> Dima Radin<\/em><\/span><br \/>\n<span style=\"font-size: small;\"> <em> <strong>Translators and transcribers:<\/strong><\/em><\/span><br \/>\n<span style=\"font-size: small;\"> <em> Aline Jablonskaja<\/em><\/span><br \/>\n<span style=\"font-size: small;\"> <em> Olga \u0160usteriov\u0117<\/em><\/span><br \/>\n<span style=\"font-size: small;\"> <em> Jelena Gri\u0161ina<\/em><\/span><br \/>\n<span style=\"font-size: small;\"> <em> Aldona Aleknait\u0117<\/em><\/span><br \/>\n<span style=\"font-size: small;\"> <em> Anatoli X<\/em><\/span><br \/>\n<span style=\"font-size: small;\"> <em> Gintaras Mi\u0161kinis<\/em><\/span><br \/>\n<span style=\"font-size: small;\"> <em> Elena Timofejeva<\/em><\/span><\/p>\n<p><span style=\"font-size: small;\"><em><strong>Archival footage:<\/strong><\/em><\/span><br \/>\n<span style=\"font-size: small;\"> <em> Belsat Studio Total<\/em><\/span><br \/>\n<span style=\"font-size: small;\"> <em> <strong>Archival stills:<\/strong><\/em><\/span><br \/>\n<span style=\"font-size: small;\"> <em> Franak Via\u010dorka<\/em><\/span><br \/>\n<span style=\"font-size: small;\"> <em> Lyudmila Ignatovi\u010d<\/em><\/span><\/p>\n<p><span style=\"font-size: small;\"><em>with the participation of Bord Scann\u00e1n na h\u00c9ireann\/The Irish Film Board<\/em><\/span><\/p>\n<p><span style=\"font-size: small;\"><em>with the support of the MEDIA Programme of the European Union<\/em><\/span><\/p>\n<p><span style=\"font-size: small;\"><em>with the support of the German Marshall Fund of the United States<\/em><\/span><\/p>\n<p><span style=\"font-size: small;\"><em>In cooperation with DR International Sales<\/em><\/span><\/p>\n<p><span style=\"font-size: small;\"><em>Arts Council of Ireland<\/em><\/span><\/p>\n<p><span style=\"font-size: small;\"><em>Baltic Sea Forum for Documentaries<\/em><\/span><\/p>\n<p><span style=\"font-size: small;\"><em>with participation of MDR, TG4, Belsat TV, TVP2, \u010ceska TV, LRT, ERR, LTV<\/em><\/span><\/p>\n<p><span style=\"font-size: small;\"><em><strong>Thanks to:<\/strong><\/em><\/span><br \/>\n<span style=\"font-size: small;\"> <em> Belarus Human Rights House, Vilnius<\/em><\/span><br \/>\n<span style=\"font-size: small;\"> <em> Anna Gerasimova<\/em><\/span><br \/>\n<span style=\"font-size: small;\"> <em> Mariana Iljina<\/em><\/span><br \/>\n<span style=\"font-size: small;\"> <em> Albina Nikitionok<\/em><\/span><br \/>\n<span style=\"font-size: small;\"> <em> Sonia Mielke-Fr\u00fch<\/em><\/span><br \/>\n<span style=\"font-size: small;\"> <em> East European Study Centre, Vilnius<\/em><\/span><br \/>\n<span style=\"font-size: small;\"> <em> Kristina Vai\u010di\u016bnait\u0117<\/em><\/span><br \/>\n<span style=\"font-size: small;\"> <em> European Humanities University<\/em><\/span><br \/>\n<span style=\"font-size: small;\"> <em> Egle Norvai\u0161ien\u0117<\/em><\/span><br \/>\n<span style=\"font-size: small;\"> <em> Dalia U\u017epalien\u0117<\/em><\/span><br \/>\n<span style=\"font-size: small;\"> <em> SCANORAMA European Film Forum<\/em><\/span><br \/>\n<span style=\"font-size: small;\"> <em> Gra\u017eina Arlickait\u0117<\/em><\/span><br \/>\n<span style=\"font-size: small;\"> <em> The Lithuanian Film Centre<\/em><\/span><\/p>\n<p><span style=\"font-size: small;\"><em><strong>Special Thanks to :<\/strong><\/em><\/span><br \/>\n<span style=\"font-size: small;\"> <em> the Embassies of the Republic of Lithuania, Minsk and Dublin<\/em><\/span><br \/>\n<span style=\"font-size: small;\"> <em> Denis Volkov, Cuba Studio, Minsk<\/em><\/span><br \/>\n<span style=\"font-size: small;\"> <em> Sheila Street<\/em><\/span><br \/>\n<span style=\"font-size: small;\"> <em> Maura Dennis<\/em><\/span><br \/>\n<span style=\"font-size: small;\"> <em> Eloise Street Byrne<\/em><\/span><br \/>\n<span style=\"font-size: small;\"> <em> Radio Free Europe, Prague<\/em><\/span><br \/>\n<span style=\"font-size: small;\"> <em> Joanna Levison<\/em><\/span><br \/>\n<span style=\"font-size: small;\"> <em> Larisa Balanovskaya<\/em><\/span><br \/>\n<span style=\"font-size: small;\"> <em> Lithuanian National Radio and Television<\/em><\/span><br \/>\n<span style=\"font-size: small;\"> <em> Michail and Lubov<\/em><\/span><\/p>\n<p><span style=\"font-size: small;\"><em>\u00a9 2013 Planet Korda Pictures, ERA FILM<\/em><\/span><\/p>\n","protected":false},"excerpt":{"rendered":"<p>Countries of Production: Ireland\/Lithuania Year of production: 2013 Production Companies: Planet Korda Pictures (Dublin), Era Film (Vilnius), Running time: 75\u201915&#8243; Language:\u00a0 Russian, Belarusian, English, Subtitles: English or Lithuanian Shooting format: HD Screening formats available: DCP, HD-CAM, Blu Ray, Digibeta Sound: &hellip; <a href=\"http:\/\/planetkorda.com\/wordpress\/films\/underthehood\/credits-specs\/\">Continue reading <span class=\"meta-nav\">&rarr;<\/span><\/a><\/p>\n","protected":false},"author":1,"featured_media":0,"parent":70,"menu_order":6,"comment_status":"closed","ping_status":"closed","template":"","meta":{"footnotes":""},"class_list":["post-1503","page","type-page","status-publish","hentry"],"_links":{"self":[{"href":"http:\/\/planetkorda.com\/wordpress\/wp-json\/wp\/v2\/pages\/1503","targetHints":{"allow":["GET"]}}],"collection":[{"href":"http:\/\/planetkorda.com\/wordpress\/wp-json\/wp\/v2\/pages"}],"about":[{"href":"http:\/\/planetkorda.com\/wordpress\/wp-json\/wp\/v2\/types\/page"}],"author":[{"embeddable":true,"href":"http:\/\/planetkorda.com\/wordpress\/wp-json\/wp\/v2\/users\/1"}],"replies":[{"embeddable":true,"href":"http:\/\/planetkorda.com\/wordpress\/wp-json\/wp\/v2\/comments?post=1503"}],"version-history":[{"count":21,"href":"http:\/\/planetkorda.com\/wordpress\/wp-json\/wp\/v2\/pages\/1503\/revisions"}],"predecessor-version":[{"id":1866,"href":"http:\/\/planetkorda.com\/wordpress\/wp-json\/wp\/v2\/pages\/1503\/revisions\/1866"}],"up":[{"embeddable":true,"href":"http:\/\/planetkorda.com\/wordpress\/wp-json\/wp\/v2\/pages\/70"}],"wp:attachment":[{"href":"http:\/\/planetkorda.com\/wordpress\/wp-json\/wp\/v2\/media?parent=1503"}],"curies":[{"name":"wp","href":"https:\/\/api.w.org\/{rel}","templated":true}]}}