{"id":13,"date":"2011-03-10T12:50:37","date_gmt":"2011-03-10T12:50:37","guid":{"rendered":"http:\/\/www.webactivate-galway19.com\/sheila\/Planet%20Korda\/?page_id=13"},"modified":"2023-01-20T02:43:50","modified_gmt":"2023-01-20T02:43:50","slug":"projects","status":"publish","type":"page","link":"http:\/\/planetkorda.com\/wordpress\/projects\/","title":{"rendered":"Projects"},"content":{"rendered":"<p><span style=\"color: #ff6600; font-size: 14pt;\"><strong><em><span style=\"text-decoration: underline;\">The Flats (in post-production, 2023)<br \/>\n<\/span><\/em><\/strong><\/span><\/p>\n<p><em>New Lodge, a Catholic tower block neighbourhood in the heart of Belfast: since the ceasefire, what has become of the residents of this microcosm? <\/em><\/p>\n<p>Feature documentary by Alessandra Celesia<br \/>\nWith support from <a href=\"https:\/\/www.screenireland.ie\/\">Screen Ireland<\/a>, <a href=\"https:\/\/www.northernirelandscreen.co.uk\/\" target=\"_blank\">Northern Ireland Screen<\/a>, <a href=\"https:\/\/docsociety.org\/bfi-doc\/\" target=\"_blank\">BFI Doc Society<\/a>, <a href=\"https:\/\/www.cnc.fr\/\" target=\"_blank\">CNC<\/a>, <a href=\"https:\/\/audiovisuel.cfwb.be\/missions\/centre-cinema-audiovisuel\/\" target=\"_blank\">CCA Belgium<\/a>, <a href=\"https:\/\/www.maregionsud.fr\/la-region-en-action\/culture\/cinema-et-audiovisuel\" target=\"_blank\">R\u00e9gion Sud<\/a>, <a href=\"https:\/\/www.iledefrance.fr\/fonds-de-soutien-audiovisuel-aide-la-production\" target=\"_blank\">R\u00e9gion Ile de France<\/a>, <a href=\"https:\/\/www.rtbf.be\/\" target=\"_blank\">RTBF<\/a><br \/>\nCo-production: <a href=\"http:\/\/planetkorda.com\/wordpress\/wp-admin\" target=\"_blank\">Films de Force Majeure<\/a> (Marseille, delegate producer), <a href=\"https:\/\/thankyouandgoodnight.be\/\" target=\"_blank\">Thank You &amp; Good Night<\/a> (Brussels), <a href=\"http:\/\/www.dumbworld.co.uk\/\" target=\"_blank\">Dumbworld<\/a> (Belfast)<\/p>\n<p><span style=\"color: #ff6600; font-size: 14pt;\"><strong><em><span style=\"text-decoration: underline;\">Mother\u2019s Little Secret (R\u00fan na M\u00e1thar)<\/span><\/em><\/strong><\/span><\/p>\n<p><em>Embodying characters from the Laxdaela Saga, an Irish actress and an Icelandic actor undertake an island-hopping voyage of discovery. Together they set out to decipher and reflect upon recent revelations showing the influence of Irish and Scottish women in early Icelandic society.<\/em><\/p>\n<p>Feature documentary by Jeremiah Cullinane and Sigri\u00f0ur Gu\u00f0laugsd\u00f3ttir<br \/>\nWith support from <a href=\"https:\/\/www.screenireland.ie\/\">Screen Ireland<\/a>, <a href=\"https:\/\/eacea.ec.europa.eu\/creative-europe\/funding\/support-for-development-single-project-2020_en\" target=\"_blank\">Creative Europe<\/a><br \/>\nCo-production: <a href=\"http:\/\/tindefilm.no\" target=\"_blank\">Tinde Film<\/a> (Molde), <a href=\"https:\/\/www.kykpictures.com\/\" target=\"_blank\">Kyk Pictures<\/a> (Torshavn)<\/p>\n<p><a href=\"https:\/\/vimeo.com\/479389854\" target=\"_blank\">Watch trailer<\/a><\/p>\n<p><span style=\"font-size: 14pt; color: #ff6600;\"><strong><em><span style=\"text-decoration: underline;\">Sky\u00b4s the Limit<br \/>\n<\/span><\/em><\/strong><\/span><\/p>\n<p><em>A life-threatening neurological disease within a Co. Roscommon family prompts a search for new therapies, an innovative use of new technologies, but also a taboo-breaking discussion about death.<\/em><\/p>\n<p>Feature documentary by Lo\u00efc Jourdain and Mirjam Strugalla.<br \/>\nCo-production: .<a href=\"www.mille-et-une-films.fr\" target=\"_blank\">Mille et une.Films<\/a> (Rennes), <a href=\"http:\/\/corsofilm.com\/\" target=\"_blank\">Corso Film<\/a> (Cologne)<br \/>\nWith support from Screen Ireland<\/p>\n<p><span style=\"color: #ff6600; font-size: 14pt;\"><strong><em><span style=\"text-decoration: underline;\">Nobody Wants to be a Fireman<\/span><\/em><\/strong><\/span><\/p>\n<p><em>A dive into the heart of the youth in a protestant working class neighborhood in Belfast, focusing on how collective memory is transmitted to young people, and whether these ways of transmitting are partisan or much more humanistic.<br \/>\n<\/em><\/p>\n<p>Feature documentary by Vincent Pouplard<br \/>\nWith support from <a href=\"https:\/\/www.bretagne.bzh\/aides\/fiches\/cinema-facca-documentaire\/\" target=\"_blank\">R\u00e9gion Bretagne<\/a>, <a href=\"http:\/\/www.procirep.fr\/\" target=\"_blank\">Procirep Angoa<\/a>, <a href=\"https:\/\/www.cnc.fr\/\" target=\"_blank\">CNC<\/a>, <a href=\"https:\/\/www.arte.tv\" target=\"_blank\">Arte France<\/a>.<br \/>\nCo-production: .<a href=\"www.mille-et-une-films.fr\" target=\"_blank\">Mille et une.Films<\/a> (Rennes)<\/p>\n<p><span style=\"color: #ff6600; font-size: 14pt;\"><strong><em><span style=\"text-decoration: underline;\">Kino Volta (in post-production, 2023)<br \/>\n<\/span><\/em><\/strong><\/span><\/p>\n<p><em>In early 20<sup>th<\/sup> century Trieste, a group of Balkan businessmen expand their cinema chain with the help of an unknown English teacher from Dublin.<\/em><\/p>\n<p>Feature documentary by Martin Turk, based on the short story by Drago Jan\u010dar.<br \/>\nCo-production: <a href=\"http:\/\/www.fabula.si\/\" target=\"_blank\">Fabula d.o.o.<\/a> (Ljubljana), <a href=\"https:\/\/www.incipitfilm.com\/\" target=\"_blank\">Incipit Film<\/a> (Udine)<\/p>\n","protected":false},"excerpt":{"rendered":"<p>The Flats (in post-production, 2023) New Lodge, a Catholic tower block neighbourhood in the heart of Belfast: since the ceasefire, what has become of the residents of this microcosm? Feature documentary by Alessandra Celesia With support from Screen Ireland, Northern &hellip; <a href=\"http:\/\/planetkorda.com\/wordpress\/projects\/\">Continue reading <span class=\"meta-nav\">&rarr;<\/span><\/a><\/p>\n","protected":false},"author":1,"featured_media":0,"parent":0,"menu_order":0,"comment_status":"closed","ping_status":"open","template":"","meta":{"footnotes":""},"class_list":["post-13","page","type-page","status-publish","hentry"],"_links":{"self":[{"href":"http:\/\/planetkorda.com\/wordpress\/wp-json\/wp\/v2\/pages\/13","targetHints":{"allow":["GET"]}}],"collection":[{"href":"http:\/\/planetkorda.com\/wordpress\/wp-json\/wp\/v2\/pages"}],"about":[{"href":"http:\/\/planetkorda.com\/wordpress\/wp-json\/wp\/v2\/types\/page"}],"author":[{"embeddable":true,"href":"http:\/\/planetkorda.com\/wordpress\/wp-json\/wp\/v2\/users\/1"}],"replies":[{"embeddable":true,"href":"http:\/\/planetkorda.com\/wordpress\/wp-json\/wp\/v2\/comments?post=13"}],"version-history":[{"count":84,"href":"http:\/\/planetkorda.com\/wordpress\/wp-json\/wp\/v2\/pages\/13\/revisions"}],"predecessor-version":[{"id":2199,"href":"http:\/\/planetkorda.com\/wordpress\/wp-json\/wp\/v2\/pages\/13\/revisions\/2199"}],"wp:attachment":[{"href":"http:\/\/planetkorda.com\/wordpress\/wp-json\/wp\/v2\/media?parent=13"}],"curies":[{"name":"wp","href":"https:\/\/api.w.org\/{rel}","templated":true}]}}